{"id":668,"date":"2019-08-10T21:34:45","date_gmt":"2019-08-11T02:34:45","guid":{"rendered":"https:\/\/turismojerico.com\/?post_type=product&#038;p=668"},"modified":"2022-01-23T17:12:29","modified_gmt":"2022-01-23T22:12:29","slug":"hacienda-santa-laura","status":"publish","type":"product","link":"https:\/\/turismojerico.com\/en\/product\/hacienda-santa-laura\/","title":{"rendered":"HACIENDA SANTA LAURA"},"content":{"rendered":"<p>[et_pb_section admin_label=&#8221;section&#8221;]<br \/>\n\t\t[et_pb_row admin_label=&#8221;row&#8221;]<br \/>\n\t\t\t[et_pb_column type=&#8221;4_4&#8243;][et_pb_text admin_label=&#8221;Text&#8221;]<strong><br \/>\nEl plan incluye<\/strong><\/p>\n<ul>\n<li>Noche de alojamiento.<\/li>\n<li>Alimentaci\u00f3n seg\u00fan el plan<\/li>\n<li>Uso y disfrute de las instalaciones.<\/li>\n<li>Seguro hotelero.<\/li>\n<li>Transporte.<\/li>\n<\/ul>\n<p><strong>\u00a0<\/strong> <strong>Aplica condiciones y restricciones. No incluye gastos no especificados en el plan.<\/strong> \u201cEn desarrollo de lo dispuesto en el art\u00edculo 17 de la Ley 679 de 2001, advertimos al turista que la explotaci\u00f3n y el abuso sexual de menores de edad en el pa\u00eds son sancionados penal y administrativamente, conforme a las leyes vigentes. Rechazamos la comercializaci\u00f3n y tr\u00e1fico ilegal de bienes culturales regionales y nacionales, cumpliendo con la ley 397 de 1997 y su decreto 833 de 2002. Rechazamos la comercializaci\u00f3n y el tr\u00e1fico ilegal de especies de flora y fauna silvestre de la regi\u00f3n y de la naci\u00f3n, cumpliendo con la ley 17 de 1981, resoluci\u00f3n 1367 de 2000.\u201d[\/et_pb_text][\/et_pb_column]<br \/>\n\t\t[\/et_pb_row]<br \/>\n\t[\/et_pb_section]<\/p>","protected":false},"excerpt":{"rendered":"<p>Viva una experiencia inolvidable en una Hacienda T\u00edpica de la Colonizaci\u00f3n Antioque\u00f1a, rodeada de hermosos paisajes\u2026.. Con todas las comodidades del presente. Reencu\u00e9ntrese con el pasado y con la maravillosa historia de esta regi\u00f3n.<\/p>\n<p>La Arquitectura de la Hacienda, evoca la Colonizaci\u00f3n antioque\u00f1a donde predominan los balcones, las maderas, las chambranas, la teja de barro espa\u00f1ol, con sus colores caracter\u00edsticos, un lugar rodeado de naturaleza y calor humano. Disfrute de a alojamiento y alimentaci\u00f3n en un entorno de lleno de comodidad y tranquilidad.<\/p>\n<p>Desde all\u00ed se pueden observar las diferentes formas del relieve colombiano con su gama de verdes donde se puede sentir y disfrutar del olor a caf\u00e9.<\/p>\n<p>Los precios publicados esta p\u00e1gina son para acomodaci\u00f3n individual.<\/p>","protected":false},"featured_media":661,"comment_status":"open","ping_status":"closed","template":"","meta":{"_et_pb_use_builder":"on","_et_pb_old_content":"<strong>\r\nEl plan incluye<\/strong>\r\n<ul>\r\n \t<li>Noche de alojamiento.<\/li>\r\n \t<li>Alimentaci\u00f3n seg\u00fan el plan<\/li>\r\n \t<li>Uso y disfrute de las instalaciones.<\/li>\r\n \t<li>Seguro hotelero.<\/li>\r\n \t<li>Transporte.<\/li>\r\n<\/ul>\r\n<strong>\u00a0<\/strong> <strong>Aplica condiciones y restricciones. No incluye gastos no especificados en el plan.<\/strong> \u201cEn desarrollo de lo dispuesto en el art\u00edculo 17 de la Ley 679 de 2001, advertimos al turista que la explotaci\u00f3n y el abuso sexual de menores de edad en el pa\u00eds son sancionados penal y administrativamente, conforme a las leyes vigentes. Rechazamos la comercializaci\u00f3n y tr\u00e1fico ilegal de bienes culturales regionales y nacionales, cumpliendo con la ley 397 de 1997 y su decreto 833 de 2002. Rechazamos la comercializaci\u00f3n y el tr\u00e1fico ilegal de especies de flora y fauna silvestre de la regi\u00f3n y de la naci\u00f3n, cumpliendo con la ley 17 de 1981, resoluci\u00f3n 1367 de 2000.\u201d","_et_gb_content_width":"","jetpack_post_was_ever_published":false,"jetpack_publicize_message":"","jetpack_publicize_feature_enabled":true,"jetpack_social_post_already_shared":true,"jetpack_social_options":{"image_generator_settings":{"template":"highway","default_image_id":0,"font":"","enabled":false},"version":2}},"product_brand":[],"product_cat":[18],"product_tag":[],"class_list":{"0":"post-668","1":"product","2":"type-product","3":"status-publish","4":"has-post-thumbnail","6":"product_cat-sin-categoria","8":"first","9":"instock","10":"shipping-taxable","11":"purchasable","12":"product-type-variable"},"jetpack_publicize_connections":[],"jetpack_sharing_enabled":true,"_links":{"self":[{"href":"https:\/\/turismojerico.com\/en\/wp-json\/wp\/v2\/product\/668","targetHints":{"allow":["GET"]}}],"collection":[{"href":"https:\/\/turismojerico.com\/en\/wp-json\/wp\/v2\/product"}],"about":[{"href":"https:\/\/turismojerico.com\/en\/wp-json\/wp\/v2\/types\/product"}],"replies":[{"embeddable":true,"href":"https:\/\/turismojerico.com\/en\/wp-json\/wp\/v2\/comments?post=668"}],"wp:featuredmedia":[{"embeddable":true,"href":"https:\/\/turismojerico.com\/en\/wp-json\/wp\/v2\/media\/661"}],"wp:attachment":[{"href":"https:\/\/turismojerico.com\/en\/wp-json\/wp\/v2\/media?parent=668"}],"wp:term":[{"taxonomy":"product_brand","embeddable":true,"href":"https:\/\/turismojerico.com\/en\/wp-json\/wp\/v2\/product_brand?post=668"},{"taxonomy":"product_cat","embeddable":true,"href":"https:\/\/turismojerico.com\/en\/wp-json\/wp\/v2\/product_cat?post=668"},{"taxonomy":"product_tag","embeddable":true,"href":"https:\/\/turismojerico.com\/en\/wp-json\/wp\/v2\/product_tag?post=668"}],"curies":[{"name":"wp","href":"https:\/\/api.w.org\/{rel}","templated":true}]}}