{"id":574,"date":"2019-02-02T18:17:46","date_gmt":"2019-02-02T23:17:46","guid":{"rendered":"https:\/\/turismojerico.com\/?post_type=product&#038;p=574"},"modified":"2019-02-04T14:30:00","modified_gmt":"2019-02-04T19:30:00","slug":"pueblos-patrimonio","status":"publish","type":"product","link":"https:\/\/turismojerico.com\/en\/product\/pueblos-patrimonio\/","title":{"rendered":"PUEBLOS PATRIMONIO DE ANTIOQUIA"},"content":{"rendered":"<p><strong>\n\t\t\t<div class='et-tabs-container et_sliderfx_fade et_sliderauto_false et_sliderauto_speed_5000 et_slidertype_top_tabs'>\n\t\t\t\t<ul class='et-tabs-control'>\n\t\t\t<li><a href='#'>\n\t\t\tD\u00eda 1\n\t\t<\/a><\/li>\n\n\t\t<li><a href='#'>\n\t\t\tD\u00eda 2\n\t\t<\/a><\/li>\n\n\t\t<li><a href='#'>\n\t\t\tD\u00eda 3\n\t\t<\/a><\/li>\n\t\t<\/ul> \n\t\t<div class='et-tabs-content'>\n\t\t\t<div class='et-tabs-content-main-wrap'>\n\t\t\t\t<div class='et-tabs-content-wrapper'>\n\t\t\t\t\t<div class='et_slidecontent'>\n\t\t\t<\/strong><\/p>\n<p>A la hora acordada, en compa\u00f1\u00eda de un gu\u00eda profesional de turismo se inicia el recorrido desde la ciudad de Medell\u00edn hacia el municipio de Santa Fe de Antioquia, para visitar los diferentes sitios de inter\u00e9s:<\/p>\n<p>&nbsp;<\/p>\n<ul>\n<li>Visita al Puente de Occidente<\/li>\n<li>Visita al centro Hist\u00f3rico<\/li>\n<li>Visita al Taller de Filigrana<\/li>\n<li>Visita al museo Juan del corral<\/li>\n<li>Almuerzo en restaurante del centro Hist\u00f3rico<\/li>\n<li>Tour de compras en el municipio Santa Fe de Antioquia<\/li>\n<li>Hidrataci\u00f3n<\/li>\n<li>P\u00f3liza de asistencia m\u00e9dica<\/li>\n<\/ul>\n<p>&nbsp;<\/p>\n<p><strong>EN HORAS DE LA TARDE DESPLAZAMIENTO MUNICIPIO DE JARD\u00cdN &#8211; ANTIOQUIA<\/strong><\/p>\n<p><strong>\u00a0<\/strong><\/p>\n<ul>\n<li>Check-in en el hotel<\/li>\n<li>Noche libre.<\/li>\n<\/ul>\n\t\t<\/div>\n\n\t\t<div class='et_slidecontent'>\n\t\t\t<ul>\n<li>Desayuno en hotel<\/li>\n<li>En compa\u00f1\u00eda de un informador local se iniciar\u00e1 el tour por el municipio.<\/li>\n<li>Bas\u00edlica Menor la Inmaculada<\/li>\n<li>Convento Hermanas Concepcionistas<\/li>\n<li>Monumento a los Fundadores<\/li>\n<li>Visita a la casa del Beato Juan Bautista Vel\u00e1squez<\/li>\n<li>Almuerzo en truchera Valdivia<\/li>\n<li>Tour de compras Visita a la casa Dulces del Jard\u00edn<\/li>\n<li>Degustaci\u00f3n de una taza de caf\u00e9 de origen<\/li>\n<\/ul>\n<p>&nbsp;<\/p>\n<p><strong>EN HORAS DE LA TARDE DESPLAZAMIENTO MUNICIPIO DE JERIC\u00d3 &#8211; ANTIOQUIA<\/strong><\/p>\n<p>&nbsp;<\/p>\n<ul>\n<li>Check-in en el hotel<\/li>\n<li>Noche libre<\/li>\n<\/ul>\n\t\t<\/div>\n\n\t\t<div class='et_slidecontent'>\n\t\t\t<ul>\n<li>Despu\u00e9s del desayuno en compa\u00f1\u00eda de un informador local, se inicia recorrido, visitando los principales sitios de inter\u00e9s.<\/li>\n<li>Visita al mirador natural del Morro El Salvador<\/li>\n<li>Ingreso al Jard\u00edn Bot\u00e1nico Los Balsos<\/li>\n<li>Visita a taller de guarnieler\u00eda.<\/li>\n<li>Visita a la Casa Natal de Santa Laura Montoya<\/li>\n<li>Visita al Centro Cultural Bomarzo<\/li>\n<li>Visita al Museo MAJA<\/li>\n<li>Visita a la Casa Museo Jos\u00e9 Tom\u00e1s Uribe Abad<\/li>\n<li>Tour de compras por la calle del Comercio.<\/li>\n<li>Refrigerio<\/li>\n<li>P\u00f3liza de asistencia m\u00e9dica<\/li>\n<\/ul>\n<p><strong>EN HORAS DE LA TARDE REGRESO A LA CIUDAD DE MEDELL\u00cdN<\/strong><\/p>\n\t\t<\/div>\n\t\t\t\t<\/div>\n\t\t\t<\/div>\n\t\t<\/div>\n\t\t\t<\/div><\/p>\n<ul>\n<li><strong>LA TARIFA SE DEFINE POR COTIZACI\u00d3N<\/strong><\/li>\n<\/ul>\n<p><strong>\u00a0<\/strong> <strong>Aplica condiciones y restricciones. No incluye gastos no especificados en el plan.<\/strong> \u201cEn desarrollo de lo dispuesto en el art\u00edculo 17 de la Ley 679 de 2001, advertimos al turista que la explotaci\u00f3n y el abuso sexual de menores de edad en el pa\u00eds son sancionados penal y administrativamente, conforme a las leyes vigentes. Rechazamos la comercializaci\u00f3n y tr\u00e1fico ilegal de bienes culturales regionales y nacionales, cumpliendo con la ley 397 de 1997 y su decreto 833 de 2002. Rechazamos la comercializaci\u00f3n y el tr\u00e1fico ilegal de especies de flora y fauna silvestre de la regi\u00f3n y de la naci\u00f3n, cumpliendo con la ley 17 de 1981, resoluci\u00f3n 1367 de 2000.\u201d<\/p>","protected":false},"excerpt":{"rendered":"<p>En este maravilloso recorrido se conocen los tres pueblos patrimonio de Antioquia, donde su gran riqueza cultural y arquitect\u00f3nica ponen a volar tus cinco sentidos, viviendo experiencias \u00fanicas gracias a la combinaci\u00f3n de Naturaleza, Magia y Patrimonio que encuentras en cada uno de ellos.<\/p>","protected":false},"featured_media":601,"comment_status":"open","ping_status":"closed","template":"","meta":{"_et_pb_use_builder":"off","_et_pb_old_content":"","_et_gb_content_width":"","jetpack_post_was_ever_published":false,"jetpack_publicize_message":"","jetpack_publicize_feature_enabled":true,"jetpack_social_post_already_shared":true,"jetpack_social_options":{"image_generator_settings":{"template":"highway","default_image_id":0,"font":"","enabled":false},"version":2}},"product_brand":[],"product_cat":[19],"product_tag":[],"class_list":{"0":"post-574","1":"product","2":"type-product","3":"status-publish","4":"has-post-thumbnail","6":"product_cat-naturaleza","8":"first","9":"onbackorder","10":"virtual","11":"product-type-simple"},"jetpack_publicize_connections":[],"jetpack_sharing_enabled":true,"_links":{"self":[{"href":"https:\/\/turismojerico.com\/en\/wp-json\/wp\/v2\/product\/574","targetHints":{"allow":["GET"]}}],"collection":[{"href":"https:\/\/turismojerico.com\/en\/wp-json\/wp\/v2\/product"}],"about":[{"href":"https:\/\/turismojerico.com\/en\/wp-json\/wp\/v2\/types\/product"}],"replies":[{"embeddable":true,"href":"https:\/\/turismojerico.com\/en\/wp-json\/wp\/v2\/comments?post=574"}],"wp:featuredmedia":[{"embeddable":true,"href":"https:\/\/turismojerico.com\/en\/wp-json\/wp\/v2\/media\/601"}],"wp:attachment":[{"href":"https:\/\/turismojerico.com\/en\/wp-json\/wp\/v2\/media?parent=574"}],"wp:term":[{"taxonomy":"product_brand","embeddable":true,"href":"https:\/\/turismojerico.com\/en\/wp-json\/wp\/v2\/product_brand?post=574"},{"taxonomy":"product_cat","embeddable":true,"href":"https:\/\/turismojerico.com\/en\/wp-json\/wp\/v2\/product_cat?post=574"},{"taxonomy":"product_tag","embeddable":true,"href":"https:\/\/turismojerico.com\/en\/wp-json\/wp\/v2\/product_tag?post=574"}],"curies":[{"name":"wp","href":"https:\/\/api.w.org\/{rel}","templated":true}]}}