{"id":512,"date":"2019-01-30T16:41:49","date_gmt":"2019-01-30T21:41:49","guid":{"rendered":"https:\/\/turismojerico.com\/?post_type=product&#038;p=512"},"modified":"2022-05-07T17:27:44","modified_gmt":"2022-05-07T22:27:44","slug":"cafe-patrimonio-helicoptero","status":"publish","type":"product","link":"https:\/\/turismojerico.com\/en\/product\/cafe-patrimonio-helicoptero\/","title":{"rendered":"CAF\u00c9 Y PATRIMONIO EN HELICOPTERO"},"content":{"rendered":"<p><strong><br \/>\nEl plan incluye<\/strong><\/p>\n<ul>\n<li>Vuelo Medell\u00edn \u2013 Jeric\u00f3- Medell\u00edn en helic\u00f3ptero<\/li>\n<li>140km de recorrido, 55 minutos de pura emoci\u00f3n<\/li>\n<li>Aterrizaje con una hora de espera de cortes\u00eda<\/li>\n<li>Vista panor\u00e1mica del barrio El Poblado, Envigado, Itag\u00fc\u00ed, Sabaneta, municipios de Caldas, Amag\u00e1, Fredonia, Cerro Tusa, Cerro Combia, cerro Bravo, Ca\u00f1\u00f3n del rio cauca y el municipio de Jeric\u00f3.<\/li>\n<li>P\u00f3liza de asistencia m\u00e9dica<\/li>\n<\/ul>\n<p><strong>NOTAS:<\/strong><\/p>\n<ul>\n<li>Est\u00e1 ruta se ofrece \u00fanicamente en vuelo privado y la tarifa aplica para ocupar total o parcialmente la aeronave, m\u00e1ximo 5 pasajeros<\/li>\n<li>No incluye gastos de servicios complementarios<\/li>\n<li>Puede solicitar horas adicionales de espera en el destino para disfrutar por tierra de la oferta tur\u00edstica, propia de este maravilloso lugar.<\/li>\n<\/ul>\n<p><strong>\u00a0<\/strong> <strong>Aplica condiciones y restricciones. No incluye gastos no especificados en el plan.<\/strong> \u201cEn desarrollo de lo dispuesto en el art\u00edculo 17 de la Ley 679 de 2001, advertimos al turista que la explotaci\u00f3n y el abuso sexual de menores de edad en el pa\u00eds son sancionados penal y administrativamente, conforme a las leyes vigentes. Rechazamos la comercializaci\u00f3n y tr\u00e1fico ilegal de bienes culturales regionales y nacionales, cumpliendo con la ley 397 de 1997 y su decreto 833 de 2002. Rechazamos la comercializaci\u00f3n y el tr\u00e1fico ilegal de especies de flora y fauna silvestre de la regi\u00f3n y de la naci\u00f3n, cumpliendo con la ley 17 de 1981, resoluci\u00f3n 1367 de 2000.\u201d<\/p>","protected":false},"excerpt":{"rendered":"<p>Descubre por que\u0301 Cerro Tusa es llamado \u201cla pir\u00e1mide natural m\u00e1s grande del mundo\u201d, cruza el ca\u00f1\u00f3n del r\u00edo Cauca y aterriza en un pueblo patrimonio para disfrutar de un buen caf\u00e9\u0301 de origen en la tierra donde naci\u00f3\u0301 Santa Laura Montoya; tambi\u00e9n reconocido como La Atenas del Suroeste.<\/p>","protected":false},"featured_media":466,"comment_status":"open","ping_status":"closed","template":"","meta":{"_et_pb_use_builder":"off","_et_pb_old_content":"","_et_gb_content_width":"","jetpack_post_was_ever_published":false,"jetpack_publicize_message":"","jetpack_publicize_feature_enabled":true,"jetpack_social_post_already_shared":true,"jetpack_social_options":{"image_generator_settings":{"template":"highway","default_image_id":0,"font":"","enabled":false},"version":2}},"product_brand":[],"product_cat":[19],"product_tag":[],"class_list":{"0":"post-512","1":"product","2":"type-product","3":"status-publish","4":"has-post-thumbnail","6":"product_cat-naturaleza","8":"first","9":"instock","10":"shipping-taxable","11":"purchasable","12":"product-type-variable"},"jetpack_publicize_connections":[],"jetpack_sharing_enabled":true,"_links":{"self":[{"href":"https:\/\/turismojerico.com\/en\/wp-json\/wp\/v2\/product\/512","targetHints":{"allow":["GET"]}}],"collection":[{"href":"https:\/\/turismojerico.com\/en\/wp-json\/wp\/v2\/product"}],"about":[{"href":"https:\/\/turismojerico.com\/en\/wp-json\/wp\/v2\/types\/product"}],"replies":[{"embeddable":true,"href":"https:\/\/turismojerico.com\/en\/wp-json\/wp\/v2\/comments?post=512"}],"wp:featuredmedia":[{"embeddable":true,"href":"https:\/\/turismojerico.com\/en\/wp-json\/wp\/v2\/media\/466"}],"wp:attachment":[{"href":"https:\/\/turismojerico.com\/en\/wp-json\/wp\/v2\/media?parent=512"}],"wp:term":[{"taxonomy":"product_brand","embeddable":true,"href":"https:\/\/turismojerico.com\/en\/wp-json\/wp\/v2\/product_brand?post=512"},{"taxonomy":"product_cat","embeddable":true,"href":"https:\/\/turismojerico.com\/en\/wp-json\/wp\/v2\/product_cat?post=512"},{"taxonomy":"product_tag","embeddable":true,"href":"https:\/\/turismojerico.com\/en\/wp-json\/wp\/v2\/product_tag?post=512"}],"curies":[{"name":"wp","href":"https:\/\/api.w.org\/{rel}","templated":true}]}}