{"id":511,"date":"2019-01-30T16:41:47","date_gmt":"2019-01-30T21:41:47","guid":{"rendered":"https:\/\/turismojerico.com\/?post_type=product&#038;p=511"},"modified":"2022-01-23T10:01:22","modified_gmt":"2022-01-23T15:01:22","slug":"aventura-altura","status":"publish","type":"product","link":"https:\/\/turismojerico.com\/en\/product\/aventura-altura\/","title":{"rendered":"AVENTURA CON ALTURA"},"content":{"rendered":"<p><strong>\n\t\t\t<div class='et-tabs-container et_sliderfx_fade et_sliderauto_false et_sliderauto_speed_5000 et_slidertype_top_tabs'>\n\t\t\t\t<ul class='et-tabs-control'>\n\t\t\t<li><a href='#'>\n\t\t\tOpcion 1\n\t\t<\/a><\/li>\n \n\t\t<li><a href='#'>\n\t\t\tOpcion 2\n\t\t<\/a><\/li>\n\n\t\t<li><a href='#'>\n\t\t\tOpcion 3\n\t\t<\/a><\/li>\n\t\t<\/ul> \n\t\t<div class='et-tabs-content'>\n\t\t\t<div class='et-tabs-content-main-wrap'>\n\t\t\t\t<div class='et-tabs-content-wrapper'>\n\t\t\t\t\t<div class='et_slidecontent'>\n\t\t\t<li>Puerto Arturo, finca El Castillo<\/li>\n<li>Despegue Zona de operaci\u00f3n (1.750 m.s.n.m.)<\/li>\n<li>Aterrizaje: Finca el castillo. (730 m.s.n.m.) <\/li>\n<li>Duraci\u00f3n. 12 a 15 minutos, con posibilidad de extenderlo 20 minutos si el tiempo clim\u00e1tico lo permite, en d\u00edas calurosos es posible aterrizar en el mismo lugar de despegue. <\/li>\n\t\t<\/div>\n\n\t\t<div class='et_slidecontent'>\n\t\t\t<li>Puerto Arturo, Cauca Viejo o sus alrededores<\/li>\n<li>Despegue Zona de operaci\u00f3n (1750 m.s.n.m.) <\/li>\n<li>Aterrizaje. Cauca Viejo o sus alrededores (550 m.s.n.m.)<\/li>\n<li>Recorrido y Duraci\u00f3n: 7 kil\u00f3metros lineales 20 minutos con posibilidad de extenderlo a 30 minutos si el tiempo clim\u00e1tico lo permite<\/li>\n\t\t<\/div>\n\n\t\t<div class='et_slidecontent'>\n\t\t\t<li>Puerto Arturo, Puente Iglesias<\/li>\n<li>Despegue Zona de operaci\u00f3n (1750 m.s.n.m.)<\/li>\n<li>Aterrizaje: Puente Iglesias. (530 m.s.n.m.)<\/li>\n<li>Recorrido y Duraci\u00f3n: 13 kil\u00f3metros. 30 minutos, con posibilidades de alargarlo a 40 minutos, si el tiempo clim\u00e1tico lo permite<\/li>\n\t\t<\/div>\n\t\t\t\t<\/div>\n\t\t\t<\/div>\n\t\t<\/div>\n\t\t\t<\/div><\/p>\n<p>El tour incluye<\/strong><\/p>\n<ul>\n<li>Vuelo en parapente biplaza acompa\u00f1ado de un instructor certificado APPI<\/li>\n<li>Tarjeta de asistencia m\u00e9dica (Colasistencia)<\/li>\n<li>Transporte de regreso, si se requiere<\/li>\n<\/ul>\n<p><strong>\u00a0<\/strong> <strong>Aplica condiciones y restricciones. No incluye gastos no especificados en el plan.<\/strong> \u201cEn desarrollo de lo dispuesto en el art\u00edculo 17 de la Ley 679 de 2001, advertimos al turista que la explotaci\u00f3n y el abuso sexual de menores de edad en el pa\u00eds son sancionados penal y administrativamente, conforme a las leyes vigentes. Rechazamos la comercializaci\u00f3n y tr\u00e1fico ilegal de bienes culturales regionales y nacionales, cumpliendo con la ley 397 de 1997 y su decreto 833 de 2002. Rechazamos la comercializaci\u00f3n y el tr\u00e1fico ilegal de especies de flora y fauna silvestre de la regi\u00f3n y de la naci\u00f3n, cumpliendo con la ley 17 de 1981, resoluci\u00f3n 1367 de 2000.\u201d<\/p>","protected":false},"excerpt":{"rendered":"<p>En una experiencia sin igual, descubre la sensaci\u00f3n del vuelo libre y disfruta del majestuoso ca\u00f1\u00f3n del r\u00edo Cauca en tu recorrido por los cielos de estas hermosas tierras del suroeste antioque\u00f1o y aprecia en todo su esplendor las diversas formas del relieve que lo circundan, envuelto en la magia de sus verdes paisajes.<\/p>","protected":false},"featured_media":614,"comment_status":"open","ping_status":"closed","template":"","meta":{"_et_pb_use_builder":"off","_et_pb_old_content":"","_et_gb_content_width":"","jetpack_post_was_ever_published":false,"jetpack_publicize_message":"","jetpack_publicize_feature_enabled":true,"jetpack_social_post_already_shared":true,"jetpack_social_options":{"image_generator_settings":{"template":"highway","default_image_id":0,"font":"","enabled":false},"version":2}},"product_brand":[],"product_cat":[19],"product_tag":[],"class_list":{"0":"post-511","1":"product","2":"type-product","3":"status-publish","4":"has-post-thumbnail","6":"product_cat-naturaleza","8":"first","9":"instock","10":"shipping-taxable","11":"purchasable","12":"product-type-variable"},"jetpack_publicize_connections":[],"jetpack_sharing_enabled":true,"_links":{"self":[{"href":"https:\/\/turismojerico.com\/en\/wp-json\/wp\/v2\/product\/511","targetHints":{"allow":["GET"]}}],"collection":[{"href":"https:\/\/turismojerico.com\/en\/wp-json\/wp\/v2\/product"}],"about":[{"href":"https:\/\/turismojerico.com\/en\/wp-json\/wp\/v2\/types\/product"}],"replies":[{"embeddable":true,"href":"https:\/\/turismojerico.com\/en\/wp-json\/wp\/v2\/comments?post=511"}],"wp:featuredmedia":[{"embeddable":true,"href":"https:\/\/turismojerico.com\/en\/wp-json\/wp\/v2\/media\/614"}],"wp:attachment":[{"href":"https:\/\/turismojerico.com\/en\/wp-json\/wp\/v2\/media?parent=511"}],"wp:term":[{"taxonomy":"product_brand","embeddable":true,"href":"https:\/\/turismojerico.com\/en\/wp-json\/wp\/v2\/product_brand?post=511"},{"taxonomy":"product_cat","embeddable":true,"href":"https:\/\/turismojerico.com\/en\/wp-json\/wp\/v2\/product_cat?post=511"},{"taxonomy":"product_tag","embeddable":true,"href":"https:\/\/turismojerico.com\/en\/wp-json\/wp\/v2\/product_tag?post=511"}],"curies":[{"name":"wp","href":"https:\/\/api.w.org\/{rel}","templated":true}]}}