{"id":503,"date":"2019-01-30T16:41:29","date_gmt":"2019-01-30T21:41:29","guid":{"rendered":"https:\/\/turismojerico.com\/?post_type=product&#038;p=503"},"modified":"2022-05-30T17:07:08","modified_gmt":"2022-05-30T22:07:08","slug":"tardear-finca","status":"publish","type":"product","link":"https:\/\/turismojerico.com\/en\/product\/tardear-finca\/","title":{"rendered":"A TARDEAR EN LA FINCA"},"content":{"rendered":"<p><strong><br \/>\nEl plan incluye<\/strong><\/p>\n<ul>\n<li>Transporte ida y regreso a la finca cafetera desde la agencia Turismo y Eventos Jeric\u00f3<\/li>\n<li>Parilla (asado de carne de res, cerdo, chorizo, papa al vapor y arepa) o un tradicional \u201calgo\u201d (arepa, quesito, huevos al gusto, panader\u00eda tradicional, chocolate)<\/li>\n<li>Bebida de la casa<\/li>\n<li>Degustaci\u00f3n de una taza de caf\u00e9 de origen<\/li>\n<li>Juegos de mesa (parqu\u00e9s, domin\u00f3 y cartas, entre otros)<\/li>\n<li>P\u00f3liza de asistencia m\u00e9dica<\/li>\n<\/ul>\n<p><strong>\u00a0<\/strong> <strong>Aplica condiciones y restricciones. No incluye gastos no especificados en el plan.<\/strong> \u201cEn desarrollo de lo dispuesto en el art\u00edculo 17 de la Ley 679 de 2001, advertimos al turista que la explotaci\u00f3n y el abuso sexual de menores de edad en el pa\u00eds son sancionados penal y administrativamente, conforme a las leyes vigentes. Rechazamos la comercializaci\u00f3n y tr\u00e1fico ilegal de bienes culturales regionales y nacionales, cumpliendo con la ley 397 de 1997 y su decreto 833 de 2002. Rechazamos la comercializaci\u00f3n y el tr\u00e1fico ilegal de especies de flora y fauna silvestre de la regi\u00f3n y de la naci\u00f3n, cumpliendo con la ley 17 de 1981, resoluci\u00f3n 1367 de 2000.\u201d<\/p>","protected":false},"excerpt":{"rendered":"<p>En nuestra finca cafetera ubicada a 10 minutos del casco urbano del municipio de Jeric\u00f3, rodeada de zonas verdes y una acogedora \u00e1rea social, dise\u00f1adas para disfrutar de una tarde en el campo con familiares y amigos, se vive una inolvidable experiencia rodeada de naturaleza y apreciando el majestuoso paisaje de la Cordillera Occidental con su emblem\u00e1tica pir\u00e1mide natural m\u00e1s grande del mundo, Cerro Tusa.<\/p>","protected":false},"featured_media":610,"comment_status":"open","ping_status":"closed","template":"","meta":{"_et_pb_use_builder":"off","_et_pb_old_content":"","_et_gb_content_width":"","jetpack_post_was_ever_published":false,"jetpack_publicize_message":"","jetpack_publicize_feature_enabled":true,"jetpack_social_post_already_shared":true,"jetpack_social_options":{"image_generator_settings":{"template":"highway","default_image_id":0,"font":"","enabled":false},"version":2}},"product_brand":[],"product_cat":[19],"product_tag":[],"class_list":{"0":"post-503","1":"product","2":"type-product","3":"status-publish","4":"has-post-thumbnail","6":"product_cat-naturaleza","8":"first","9":"instock","10":"virtual","11":"purchasable","12":"product-type-simple"},"jetpack_publicize_connections":[],"jetpack_sharing_enabled":true,"_links":{"self":[{"href":"https:\/\/turismojerico.com\/en\/wp-json\/wp\/v2\/product\/503","targetHints":{"allow":["GET"]}}],"collection":[{"href":"https:\/\/turismojerico.com\/en\/wp-json\/wp\/v2\/product"}],"about":[{"href":"https:\/\/turismojerico.com\/en\/wp-json\/wp\/v2\/types\/product"}],"replies":[{"embeddable":true,"href":"https:\/\/turismojerico.com\/en\/wp-json\/wp\/v2\/comments?post=503"}],"wp:featuredmedia":[{"embeddable":true,"href":"https:\/\/turismojerico.com\/en\/wp-json\/wp\/v2\/media\/610"}],"wp:attachment":[{"href":"https:\/\/turismojerico.com\/en\/wp-json\/wp\/v2\/media?parent=503"}],"wp:term":[{"taxonomy":"product_brand","embeddable":true,"href":"https:\/\/turismojerico.com\/en\/wp-json\/wp\/v2\/product_brand?post=503"},{"taxonomy":"product_cat","embeddable":true,"href":"https:\/\/turismojerico.com\/en\/wp-json\/wp\/v2\/product_cat?post=503"},{"taxonomy":"product_tag","embeddable":true,"href":"https:\/\/turismojerico.com\/en\/wp-json\/wp\/v2\/product_tag?post=503"}],"curies":[{"name":"wp","href":"https:\/\/api.w.org\/{rel}","templated":true}]}}