{"id":499,"date":"2019-01-30T16:41:24","date_gmt":"2019-01-30T21:41:24","guid":{"rendered":"https:\/\/turismojerico.com\/?post_type=product&#038;p=499"},"modified":"2026-04-20T09:38:10","modified_gmt":"2026-04-20T14:38:10","slug":"experiencia-mundo-cafe","status":"publish","type":"product","link":"https:\/\/turismojerico.com\/en\/product\/experiencia-mundo-cafe\/","title":{"rendered":"EXPERIENCIA EN EL MUNDO DEL CAF\u00c9"},"content":{"rendered":"<p><iframe loading=\"lazy\" title=\"Cultura Cafetera - Jeric\u00f3 - Antioquia\" width=\"1080\" height=\"608\" src=\"https:\/\/www.youtube.com\/embed\/T9qE-8yxTCk?feature=oembed\"  allow=\"accelerometer; autoplay; clipboard-write; encrypted-media; gyroscope; picture-in-picture; web-share\" referrerpolicy=\"strict-origin-when-cross-origin\" allowfullscreen><\/iframe><\/p>\n<p><strong><br \/>\nEl plan incluye<\/strong><\/p>\n<ul>\n<li>Transporte ida y regreso desde la agencia de viajes Turismo y Eventos Jeric\u00f3, hasta la finca cafetera<\/li>\n<li>Bienvenida con una taza de caf\u00e9 y panader\u00eda artesanal<\/li>\n<li>M\u00e9todos de preparaci\u00f3n de caf\u00e9 y degustaci\u00f3n<\/li>\n<li>Limonada de la casa a base de plantas arom\u00e1ticas<\/li>\n<li>Recorrido por el cafetal y las instalaciones de la finca<\/li>\n<li>Malteada de caf\u00e9<\/li>\n<li>P\u00f3liza de asistencia m\u00e9dica<\/li>\n<\/ul>\n<p><strong>\u00a0<\/strong> <strong>Aplica condiciones y restricciones. No incluye gastos no especificados en el plan.<\/strong> \u201cEn desarrollo de lo dispuesto en el art\u00edculo 17 de la Ley 679 de 2001, advertimos al turista que la explotaci\u00f3n y el abuso sexual de menores de edad en el pa\u00eds son sancionados penal y administrativamente, conforme a las leyes vigentes. Rechazamos la comercializaci\u00f3n y tr\u00e1fico ilegal de bienes culturales regionales y nacionales, cumpliendo con la ley 397 de 1997 y su decreto 833 de 2002. Rechazamos la comercializaci\u00f3n y el tr\u00e1fico ilegal de especies de flora y fauna silvestre de la regi\u00f3n y de la naci\u00f3n, cumpliendo con la ley 17 de 1981, resoluci\u00f3n 1367 de 2000.\u201d<\/p>","protected":false},"excerpt":{"rendered":"<p>El contacto con nuestros cafetales hace recordar a esa raza de hombres monta\u00f1eros, que con sus familias fueron los defensores de la tierra y gracias a su laboriosidad y tenacidad, nos dejaron como legado, la pujanza que caracteriza al pueblo paisa.<br \/>\nEn esta finca, distinguida con el Rainforest Alliance, Fairtrade International, UTZ Certified Good Inside y el Practice de Starbucks Coffee, disfrutas el abrazo del cafetal, el trinar de las aves y el majestuoso paisaje que te lleva a ese contacto directo con la naturaleza y convierte la estad\u00eda en este m\u00e1gico lugar en una experiencia \u00fanica, recorriendo las plantaciones de caf\u00e9\u0301, conociendo todo sobre el grano, para terminar con la degustaci\u00f3n de la m\u00e1s deliciosa taza del producto n\u00famero uno del pa\u00eds, procesado artesanalmente en esta tierra, donde la altura le da ese toque inigualable. <\/p>","protected":false},"featured_media":319,"comment_status":"open","ping_status":"closed","template":"","meta":{"_et_pb_use_builder":"off","_et_pb_old_content":"","_et_gb_content_width":"","jetpack_post_was_ever_published":false,"jetpack_publicize_message":"","jetpack_publicize_feature_enabled":true,"jetpack_social_post_already_shared":true,"jetpack_social_options":{"image_generator_settings":{"template":"highway","default_image_id":0,"font":"","enabled":false},"version":2}},"product_brand":[],"product_cat":[19],"product_tag":[],"class_list":{"0":"post-499","1":"product","2":"type-product","3":"status-publish","4":"has-post-thumbnail","6":"product_cat-naturaleza","8":"first","9":"instock","10":"virtual","11":"purchasable","12":"product-type-simple"},"jetpack_publicize_connections":[],"jetpack_sharing_enabled":true,"_links":{"self":[{"href":"https:\/\/turismojerico.com\/en\/wp-json\/wp\/v2\/product\/499","targetHints":{"allow":["GET"]}}],"collection":[{"href":"https:\/\/turismojerico.com\/en\/wp-json\/wp\/v2\/product"}],"about":[{"href":"https:\/\/turismojerico.com\/en\/wp-json\/wp\/v2\/types\/product"}],"replies":[{"embeddable":true,"href":"https:\/\/turismojerico.com\/en\/wp-json\/wp\/v2\/comments?post=499"}],"wp:featuredmedia":[{"embeddable":true,"href":"https:\/\/turismojerico.com\/en\/wp-json\/wp\/v2\/media\/319"}],"wp:attachment":[{"href":"https:\/\/turismojerico.com\/en\/wp-json\/wp\/v2\/media?parent=499"}],"wp:term":[{"taxonomy":"product_brand","embeddable":true,"href":"https:\/\/turismojerico.com\/en\/wp-json\/wp\/v2\/product_brand?post=499"},{"taxonomy":"product_cat","embeddable":true,"href":"https:\/\/turismojerico.com\/en\/wp-json\/wp\/v2\/product_cat?post=499"},{"taxonomy":"product_tag","embeddable":true,"href":"https:\/\/turismojerico.com\/en\/wp-json\/wp\/v2\/product_tag?post=499"}],"curies":[{"name":"wp","href":"https:\/\/api.w.org\/{rel}","templated":true}]}}