{"id":495,"date":"2019-01-30T16:41:22","date_gmt":"2019-01-30T21:41:22","guid":{"rendered":"https:\/\/turismojerico.com\/?post_type=product&#038;p=495"},"modified":"2026-03-31T23:27:19","modified_gmt":"2026-04-01T04:27:19","slug":"salto-monos","status":"publish","type":"product","link":"https:\/\/turismojerico.com\/en\/product\/salto-monos\/","title":{"rendered":"TOUR AL SALTO DE LOS MONOS"},"content":{"rendered":"<p><strong><br \/>\nEl plan incluye<\/strong><\/p>\n<ul>\n<li>Transporte ida y regreso desde el municipio de Jeric\u00f3 hasta la vereda la Palma y desde la vereda el Cedr\u00f3n (municipio de Pueblorrico) hasta el municipio de Jeric\u00f3.<\/li>\n<li>Gu\u00eda acompa\u00f1ante durante todo el recorrido por la reserva natural<\/li>\n<li>Almuerzo (fiambre envuelto en hoja de pl\u00e1tano)<\/li>\n<li>Degustaci\u00f3n de una taza de caf\u00e9 \u201cLas Nubes Caf\u00e9 de altura\u201d<\/li>\n<li>Hidrataci\u00f3n<\/li>\n<li>P\u00f3liza de asistencia m\u00e9dica<\/li>\n<\/ul>\n<p><strong>\u00a0<\/strong> <strong>Aplica condiciones y restricciones. No incluye gastos no especificados en el plan.<\/strong> \u201cEn desarrollo de lo dispuesto en el art\u00edculo 17 de la Ley 679 de 2001, advertimos al turista que la explotaci\u00f3n y el abuso sexual de menores de edad en el pa\u00eds son sancionados penal y administrativamente, conforme a las leyes vigentes. Rechazamos la comercializaci\u00f3n y tr\u00e1fico ilegal de bienes culturales regionales y nacionales, cumpliendo con la ley 397 de 1997 y su decreto 833 de 2002. Rechazamos la comercializaci\u00f3n y el tr\u00e1fico ilegal de especies de flora y fauna silvestre de la regi\u00f3n y de la naci\u00f3n, cumpliendo con la ley 17 de 1981, resoluci\u00f3n 1367 de 2000.\u201d<\/p>","protected":false},"excerpt":{"rendered":"<p>Del municipio de Jeric\u00f3 se hace el desplazamiento en el transporte que nos lleva hasta el paraje la Palma, en l\u00edmites con el municipio de Pueblorrico, donde en compa\u00f1\u00eda de un gu\u00eda de senderismo se inicia el recorrido que dura aproximadamente cinco horas. Pasamos por las ruinas de la finca Villa Roc\u00edo, donde encontramos el Salto de las Golondrinas, cascada de agua aproximadamente de 30 mts de altura, cuyo nombre se debe a esta especie de aves migratorias provenientes de Canad\u00e1. Tambi\u00e9n, podemos observar gavilanes, t\u00f3rtolas y tangaras, entre otras aves.<br \/>\nContinuando con el recorrido, a dos kil\u00f3metros de distancia, est\u00e1 ubicado el Salto de los Monos, otra cascada natural de 100 metros de altura aproximadamente, apropiada para tomar un ba\u00f1o en las piscinas naturales que se forman. En este lugar, tenemos la posibilidad de observar o escuchar los monos aulladores, apreciar los nidos de los p\u00e1jaros gulungos o mochileros y una maravillosa vegetaci\u00f3n, con una gran gama de colores, digna de ser fotografiada para llevarse en el recuerdo. <\/p>","protected":false},"featured_media":558,"comment_status":"open","ping_status":"closed","template":"","meta":{"_et_pb_use_builder":"off","_et_pb_old_content":"","_et_gb_content_width":"","jetpack_post_was_ever_published":false,"jetpack_publicize_message":"","jetpack_publicize_feature_enabled":true,"jetpack_social_post_already_shared":true,"jetpack_social_options":{"image_generator_settings":{"template":"highway","default_image_id":0,"font":"","enabled":false},"version":2}},"product_brand":[],"product_cat":[19],"product_tag":[],"class_list":{"0":"post-495","1":"product","2":"type-product","3":"status-publish","4":"has-post-thumbnail","6":"product_cat-naturaleza","8":"first","9":"instock","10":"shipping-taxable","11":"purchasable","12":"product-type-variable"},"jetpack_publicize_connections":[],"jetpack_sharing_enabled":true,"_links":{"self":[{"href":"https:\/\/turismojerico.com\/en\/wp-json\/wp\/v2\/product\/495","targetHints":{"allow":["GET"]}}],"collection":[{"href":"https:\/\/turismojerico.com\/en\/wp-json\/wp\/v2\/product"}],"about":[{"href":"https:\/\/turismojerico.com\/en\/wp-json\/wp\/v2\/types\/product"}],"replies":[{"embeddable":true,"href":"https:\/\/turismojerico.com\/en\/wp-json\/wp\/v2\/comments?post=495"}],"wp:featuredmedia":[{"embeddable":true,"href":"https:\/\/turismojerico.com\/en\/wp-json\/wp\/v2\/media\/558"}],"wp:attachment":[{"href":"https:\/\/turismojerico.com\/en\/wp-json\/wp\/v2\/media?parent=495"}],"wp:term":[{"taxonomy":"product_brand","embeddable":true,"href":"https:\/\/turismojerico.com\/en\/wp-json\/wp\/v2\/product_brand?post=495"},{"taxonomy":"product_cat","embeddable":true,"href":"https:\/\/turismojerico.com\/en\/wp-json\/wp\/v2\/product_cat?post=495"},{"taxonomy":"product_tag","embeddable":true,"href":"https:\/\/turismojerico.com\/en\/wp-json\/wp\/v2\/product_tag?post=495"}],"curies":[{"name":"wp","href":"https:\/\/api.w.org\/{rel}","templated":true}]}}