{"id":491,"date":"2019-01-30T16:40:40","date_gmt":"2019-01-30T21:40:40","guid":{"rendered":"https:\/\/turismojerico.com\/?post_type=product&#038;p=491"},"modified":"2026-04-05T05:23:45","modified_gmt":"2026-04-05T10:23:45","slug":"atenas-suroeste","status":"publish","type":"product","link":"https:\/\/turismojerico.com\/en\/product\/atenas-suroeste\/","title":{"rendered":"LA ATENAS DEL SUROESTE"},"content":{"rendered":"<p><strong><br \/>\nEl plan incluye<\/strong><\/p>\n<ul>\n<li>Gu\u00eda acompa\u00f1ante durante el recorrido<\/li>\n<li>Visita al mirador natural del Morro El Salvador <\/li>\n<li>Ingreso al Jard\u00edn Bot\u00e1nico Los Balsos <\/li>\n<li>Visita a taller de guarnieler\u00eda<\/li>\n<li>Visita a la Casa Natal de Santa Laura Montoya<\/li>\n<li>Visita al Museo MAJA<\/li>\n<li>Visita a la Casa Museo Jos\u00e9 Tom\u00e1s Uribe Abad<\/li>\n<li>Tour de compras por la calle del Comercio<\/li>\n<li>Refrigerio<\/li>\n<li>P\u00f3liza de asistencia m\u00e9dica<\/li>\n<\/ul>\n<p><strong>\u00a0<\/strong> <strong>Aplica condiciones y restricciones. No incluye gastos no especificados en el plan.<\/strong> \u201cEn desarrollo de lo dispuesto en el art\u00edculo 17 de la Ley 679 de 2001, advertimos al turista que la explotaci\u00f3n y el abuso sexual de menores de edad en el pa\u00eds son sancionados penal y administrativamente, conforme a las leyes vigentes. Rechazamos la comercializaci\u00f3n y tr\u00e1fico ilegal de bienes culturales regionales y nacionales, cumpliendo con la ley 397 de 1997 y su decreto 833 de 2002. Rechazamos la comercializaci\u00f3n y el tr\u00e1fico ilegal de especies de flora y fauna silvestre de la regi\u00f3n y de la naci\u00f3n, cumpliendo con la ley 17 de 1981, resoluci\u00f3n 1367 de 2000.\u201d<\/p>","protected":false},"excerpt":{"rendered":"<p>Haga este maravilloso y m\u00e1gico desplazamiento en compa\u00f1\u00eda de un embajador conocedor de la cultura jericoana, recorriendo el centro hist\u00f3rico del municipio y las calles que testimonian su pasado e historia. En este circuito conoce parques, museos, templos y otros lugares de inter\u00e9s.<br \/>\nDescubra la historia de la ciudad en sus diferentes etapas con una amplia panor\u00e1mica digna de fotografiar desde el Morro El Salvador, colina natural de extraordinaria belleza. Admire la riqueza patrimonial con su arquitectura republicana y de la colonizaci\u00f3n antioque\u00f1a, a lo largo del recorrido por la zona urbana conozca la Casa Natal de Santa Laura Montoya. En la Calle del Comercio disfrute de una gran variedad de productos elaborados en cuero, entre ellos el tradicional guarniel, m\u00e1s conocido como carriel y del\u00e9itese con la oferta gastron\u00f3mica acompa\u00f1ada de un delicioso caf\u00e9 artesanal.<\/p>","protected":false},"featured_media":543,"comment_status":"open","ping_status":"closed","template":"","meta":{"_et_pb_use_builder":"off","_et_pb_old_content":"","_et_gb_content_width":"","jetpack_post_was_ever_published":false,"jetpack_publicize_message":"","jetpack_publicize_feature_enabled":true,"jetpack_social_post_already_shared":true,"jetpack_social_options":{"image_generator_settings":{"template":"highway","default_image_id":0,"font":"","enabled":false},"version":2}},"product_brand":[],"product_cat":[19],"product_tag":[],"class_list":{"0":"post-491","1":"product","2":"type-product","3":"status-publish","4":"has-post-thumbnail","6":"product_cat-naturaleza","8":"first","9":"instock","10":"shipping-taxable","11":"purchasable","12":"product-type-variable"},"jetpack_publicize_connections":[],"jetpack_sharing_enabled":true,"_links":{"self":[{"href":"https:\/\/turismojerico.com\/en\/wp-json\/wp\/v2\/product\/491","targetHints":{"allow":["GET"]}}],"collection":[{"href":"https:\/\/turismojerico.com\/en\/wp-json\/wp\/v2\/product"}],"about":[{"href":"https:\/\/turismojerico.com\/en\/wp-json\/wp\/v2\/types\/product"}],"replies":[{"embeddable":true,"href":"https:\/\/turismojerico.com\/en\/wp-json\/wp\/v2\/comments?post=491"}],"wp:featuredmedia":[{"embeddable":true,"href":"https:\/\/turismojerico.com\/en\/wp-json\/wp\/v2\/media\/543"}],"wp:attachment":[{"href":"https:\/\/turismojerico.com\/en\/wp-json\/wp\/v2\/media?parent=491"}],"wp:term":[{"taxonomy":"product_brand","embeddable":true,"href":"https:\/\/turismojerico.com\/en\/wp-json\/wp\/v2\/product_brand?post=491"},{"taxonomy":"product_cat","embeddable":true,"href":"https:\/\/turismojerico.com\/en\/wp-json\/wp\/v2\/product_cat?post=491"},{"taxonomy":"product_tag","embeddable":true,"href":"https:\/\/turismojerico.com\/en\/wp-json\/wp\/v2\/product_tag?post=491"}],"curies":[{"name":"wp","href":"https:\/\/api.w.org\/{rel}","templated":true}]}}