{"id":486,"date":"2019-01-30T16:39:02","date_gmt":"2019-01-30T21:39:02","guid":{"rendered":"https:\/\/turismojerico.com\/?post_type=product&#038;p=486"},"modified":"2019-08-10T21:12:30","modified_gmt":"2019-08-11T02:12:30","slug":"experiencia-nubes","status":"publish","type":"product","link":"https:\/\/turismojerico.com\/en\/product\/experiencia-nubes\/","title":{"rendered":"EXPERIENCIA EN LAS NUBES"},"content":{"rendered":"<p><iframe loading=\"lazy\" title=\"Experiencia en Las Nubes\" width=\"1080\" height=\"608\" src=\"https:\/\/www.youtube.com\/embed\/gQbk7wgVeaU?feature=oembed\"  allow=\"accelerometer; autoplay; clipboard-write; encrypted-media; gyroscope; picture-in-picture; web-share\" referrerpolicy=\"strict-origin-when-cross-origin\" allowfullscreen><\/iframe><\/p>\n<p><strong><br \/>\nEl plan incluye<\/strong><\/p>\n<ul>\n<li>Gu\u00eda acompa\u00f1ante durante el recorrido<\/li>\n<li>Almuerzo (fiambre envuelto en hoja de pl\u00e1tano)<\/li>\n<li>Hidrataci\u00f3n (agua y fruta)<\/li>\n<li>Transporte de Jeric\u00f3 al Alto de Marita (un solo trayecto)<\/li>\n<li>Degustaci\u00f3n de una taza de caf\u00e9 \u201cLas Nubes Caf\u00e9 de altura\u201d<\/li>\n<li>P\u00f3liza de asistencia m\u00e9dica<\/li>\n<\/ul>\n<p><strong>\u00a0<\/strong> <strong>Aplica condiciones y restricciones. No incluye gastos no especificados en el plan.<\/strong> \u201cEn desarrollo de lo dispuesto en el art\u00edculo 17 de la Ley 679 de 2001, advertimos al turista que la explotaci\u00f3n y el abuso sexual de menores de edad en el pa\u00eds son sancionados penal y administrativamente, conforme a las leyes vigentes. Rechazamos la comercializaci\u00f3n y tr\u00e1fico ilegal de bienes culturales regionales y nacionales, cumpliendo con la ley 397 de 1997 y su decreto 833 de 2002. Rechazamos la comercializaci\u00f3n y el tr\u00e1fico ilegal de especies de flora y fauna silvestre de la regi\u00f3n y de la naci\u00f3n, cumpliendo con la ley 17 de 1981, resoluci\u00f3n 1367 de 2000.\u201d<\/p>","protected":false},"excerpt":{"rendered":"<p>En el Suroeste del Departamento de Antioquia, existe una regi\u00f3n que se extiende desde los 510 metros de altura sobre el nivel del mar, a orillas del r\u00edo Cauca, hasta llegar a los 2.400. All\u00ed encontrar\u00e1s una gran variedad de flora y fauna, donde las aves son las anfitrionas perfectas y sumado a ello el paisaje, que la convierten en un verdadero para\u00edso. \u00a0 Esta es la reserva natural Nubes \u2013 Trocha &#8211; Capota, bosque de niebla perteneciente a los municipios de Jeric\u00f3, Pueblorrico y Tarso. Este ed\u00e9n, junto al Jard\u00edn Bot\u00e1nico Los Balsos, tienen senderos y caminos para recorrerlos en toda su extensi\u00f3n, disfrutando de un majestuoso concierto de trinar de aves, escenario perfecto para el avistamiento y la fotograf\u00eda en todo su esplendor.<\/p>","protected":false},"featured_media":528,"comment_status":"open","ping_status":"closed","template":"","meta":{"_et_pb_use_builder":"off","_et_pb_old_content":"","_et_gb_content_width":"","jetpack_post_was_ever_published":false,"jetpack_publicize_message":"","jetpack_publicize_feature_enabled":true,"jetpack_social_post_already_shared":true,"jetpack_social_options":{"image_generator_settings":{"template":"highway","default_image_id":0,"font":"","enabled":false},"version":2}},"product_brand":[],"product_cat":[19],"product_tag":[],"class_list":{"0":"post-486","1":"product","2":"type-product","3":"status-publish","4":"has-post-thumbnail","6":"product_cat-naturaleza","8":"first","9":"instock","10":"shipping-taxable","11":"purchasable","12":"product-type-variable"},"jetpack_publicize_connections":[],"jetpack_sharing_enabled":true,"_links":{"self":[{"href":"https:\/\/turismojerico.com\/en\/wp-json\/wp\/v2\/product\/486","targetHints":{"allow":["GET"]}}],"collection":[{"href":"https:\/\/turismojerico.com\/en\/wp-json\/wp\/v2\/product"}],"about":[{"href":"https:\/\/turismojerico.com\/en\/wp-json\/wp\/v2\/types\/product"}],"replies":[{"embeddable":true,"href":"https:\/\/turismojerico.com\/en\/wp-json\/wp\/v2\/comments?post=486"}],"wp:featuredmedia":[{"embeddable":true,"href":"https:\/\/turismojerico.com\/en\/wp-json\/wp\/v2\/media\/528"}],"wp:attachment":[{"href":"https:\/\/turismojerico.com\/en\/wp-json\/wp\/v2\/media?parent=486"}],"wp:term":[{"taxonomy":"product_brand","embeddable":true,"href":"https:\/\/turismojerico.com\/en\/wp-json\/wp\/v2\/product_brand?post=486"},{"taxonomy":"product_cat","embeddable":true,"href":"https:\/\/turismojerico.com\/en\/wp-json\/wp\/v2\/product_cat?post=486"},{"taxonomy":"product_tag","embeddable":true,"href":"https:\/\/turismojerico.com\/en\/wp-json\/wp\/v2\/product_tag?post=486"}],"curies":[{"name":"wp","href":"https:\/\/api.w.org\/{rel}","templated":true}]}}